{"id":645,"date":"2015-07-29T13:44:44","date_gmt":"2015-07-29T13:44:44","guid":{"rendered":"https:\/\/optimus.qsandbox.com\/zqs\/qbcj\/site\/kaushal-cmfree-mzb\/?page_id=4"},"modified":"2024-09-26T10:02:10","modified_gmt":"2024-09-26T08:02:10","slug":"home","status":"publish","type":"page","link":"https:\/\/e-pomoc.pl\/","title":{"rendered":""},"content":{"rendered":"\n<div class=\"wp-block-columns is-layout-flex wp-container-core-columns-is-layout-9d6595d7 wp-block-columns-is-layout-flex\">\n<div class=\"wp-block-column is-layout-flow wp-block-column-is-layout-flow\" style=\"flex-basis:25%\">\n<div class=\"wp-block-cover\" style=\"min-height:300px;aspect-ratio:unset;\"><span aria-hidden=\"true\" class=\"wp-block-cover__background has-background-dim\" style=\"background-color:#6d5d56\"><\/span><img fetchpriority=\"high\" decoding=\"async\" width=\"960\" height=\"960\" class=\"wp-block-cover__image-background wp-image-658\" alt=\"\" src=\"https:\/\/e-pomoc.pl\/wp-content\/uploads\/2024\/09\/sprzet.jpg\" data-object-fit=\"cover\" srcset=\"https:\/\/e-pomoc.pl\/wp-content\/uploads\/2024\/09\/sprzet.jpg 960w, https:\/\/e-pomoc.pl\/wp-content\/uploads\/2024\/09\/sprzet-300x300.jpg 300w, https:\/\/e-pomoc.pl\/wp-content\/uploads\/2024\/09\/sprzet-150x150.jpg 150w, https:\/\/e-pomoc.pl\/wp-content\/uploads\/2024\/09\/sprzet-768x768.jpg 768w\" sizes=\"(max-width: 960px) 100vw, 960px\" \/><div class=\"wp-block-cover__inner-container is-layout-constrained wp-block-cover-is-layout-constrained\">\n<p class=\"has-text-align-center has-white-color has-text-color has-link-color wp-elements-2a380efb7fee23cfcc97bc2c71ad32ad\" style=\"font-size:25px;font-style:normal;font-weight:900\"><a href=\"https:\/\/e-pomoc.pl\/?page_id=860\">LISTA POTRZEB<\/a><\/p>\n<\/div><\/div>\n<\/div>\n\n\n\n<div class=\"wp-block-column is-layout-flow wp-block-column-is-layout-flow\" style=\"flex-basis:25%\">\n<div class=\"wp-block-cover is-light\" style=\"min-height:300px;aspect-ratio:unset;\"><span aria-hidden=\"true\" class=\"wp-block-cover__background has-background-dim\" style=\"background-color:#888881\"><\/span><img decoding=\"async\" width=\"800\" height=\"536\" class=\"wp-block-cover__image-background wp-image-659\" alt=\"\" src=\"https:\/\/e-pomoc.pl\/wp-content\/uploads\/2024\/09\/pomoc.jpg\" data-object-fit=\"cover\" srcset=\"https:\/\/e-pomoc.pl\/wp-content\/uploads\/2024\/09\/pomoc.jpg 800w, https:\/\/e-pomoc.pl\/wp-content\/uploads\/2024\/09\/pomoc-300x201.jpg 300w, https:\/\/e-pomoc.pl\/wp-content\/uploads\/2024\/09\/pomoc-768x515.jpg 768w\" sizes=\"(max-width: 800px) 100vw, 800px\" \/><div class=\"wp-block-cover__inner-container is-layout-constrained wp-block-cover-is-layout-constrained\">\n<p class=\"has-text-align-center has-white-color has-text-color has-link-color wp-elements-2498fec7fe2db24205b33e38055dedd0\" style=\"font-size:25px;font-style:normal;font-weight:900\"><a href=\"https:\/\/e-pomoc.pl\/?page_id=813\">CHC\u0118 POM\u00d3C<\/a><\/p>\n<\/div><\/div>\n<\/div>\n\n\n\n<div class=\"wp-block-column is-layout-flow wp-block-column-is-layout-flow\" style=\"flex-basis:25%\">\n<div class=\"wp-block-cover is-light\" style=\"min-height:300px;aspect-ratio:unset;\"><span aria-hidden=\"true\" class=\"wp-block-cover__background has-background-dim\" style=\"background-color:#968a8a\"><\/span><img decoding=\"async\" width=\"640\" height=\"477\" class=\"wp-block-cover__image-background wp-image-660\" alt=\"\" src=\"https:\/\/e-pomoc.pl\/wp-content\/uploads\/2024\/09\/washington-dc-aug-26-2013-in-july-fema-netted-almost-5000-pounds-of-non-perishable-a5c33d.jpg\" data-object-fit=\"cover\" srcset=\"https:\/\/e-pomoc.pl\/wp-content\/uploads\/2024\/09\/washington-dc-aug-26-2013-in-july-fema-netted-almost-5000-pounds-of-non-perishable-a5c33d.jpg 640w, https:\/\/e-pomoc.pl\/wp-content\/uploads\/2024\/09\/washington-dc-aug-26-2013-in-july-fema-netted-almost-5000-pounds-of-non-perishable-a5c33d-300x224.jpg 300w\" sizes=\"(max-width: 640px) 100vw, 640px\" \/><div class=\"wp-block-cover__inner-container is-layout-constrained wp-block-cover-is-layout-constrained\">\n<p class=\"has-text-align-center has-white-color has-text-color has-link-color wp-elements-6f6e35acdfae2662d16132a046f3a954\" style=\"font-size:25px;font-style:normal;font-weight:900\"><a href=\"https:\/\/e-pomoc.pl\/?cat=31\">LISTA ZBI\u00d3REK<\/a><\/p>\n<\/div><\/div>\n<\/div>\n\n\n\n<div class=\"wp-block-column is-layout-flow wp-block-column-is-layout-flow\" style=\"flex-basis:25%\">\n<div class=\"wp-block-cover\" style=\"min-height:300px;aspect-ratio:unset;\"><span aria-hidden=\"true\" class=\"wp-block-cover__background has-background-dim\" style=\"background-color:#987624\"><\/span><img decoding=\"async\" class=\"wp-block-cover__image-background wp-image-661\" alt=\"\" src=\"https:\/\/e-pomoc.pl\/wp-content\/uploads\/2024\/09\/uwaga.jpg\" data-object-fit=\"cover\"\/><div class=\"wp-block-cover__inner-container is-layout-constrained wp-block-cover-is-layout-constrained\">\n<p class=\"has-text-align-center has-white-color has-text-color has-link-color wp-elements-a6cd3e7e8451943f1d9496e1a256d061\" style=\"font-size:20px;font-style:normal;font-weight:900\"><a href=\"https:\/\/e-pomoc.pl\/?page_id=781\">OSTRZE\u017bENIA PRZED FA\u0141SZYWYMI ZBI\u00d3RKAMI<\/a><\/p>\n<\/div><\/div>\n<\/div>\n<\/div>\n\n\n\n<div class=\"wp-block-columns is-layout-flex wp-container-core-columns-is-layout-9d6595d7 wp-block-columns-is-layout-flex\">\n<div class=\"wp-block-column is-layout-flow wp-block-column-is-layout-flow\">\n<div class=\"wp-block-cover is-light\" style=\"min-height:300px;aspect-ratio:unset;\"><span aria-hidden=\"true\" class=\"wp-block-cover__background has-background-dim\" style=\"background-color:#81aebc\"><\/span><img loading=\"lazy\" decoding=\"async\" width=\"300\" height=\"300\" class=\"wp-block-cover__image-background wp-image-706\" alt=\"\" src=\"https:\/\/e-pomoc.pl\/wp-content\/uploads\/2024\/09\/info-e1727003487323.png\" data-object-fit=\"cover\"\/><div class=\"wp-block-cover__inner-container is-layout-constrained wp-block-cover-is-layout-constrained\">\n<p class=\"has-text-align-center has-white-color has-text-color has-link-color wp-elements-72d1b77b33ba2bfcae482b5d461b7ba5\" style=\"font-size:20px;font-style:normal;font-weight:900\"><a href=\"https:\/\/e-pomoc.pl\/?page_id=851\">PUNKTY MEDYCZNE,<br>GASTRONOMICZNE,<br>DYSTRYBUCYJNE<br>I INFORMACYJNE<\/a><\/p>\n<\/div><\/div>\n<\/div>\n\n\n\n<div class=\"wp-block-column is-layout-flow wp-block-column-is-layout-flow\">\n<div class=\"wp-block-cover is-light has-custom-content-position is-position-top-center\" style=\"min-height:300px;aspect-ratio:unset;\"><span aria-hidden=\"true\" class=\"wp-block-cover__background has-background-dim\" style=\"background-color:#e3e2e5\"><\/span><img loading=\"lazy\" decoding=\"async\" width=\"455\" height=\"455\" class=\"wp-block-cover__image-background wp-image-702\" alt=\"\" src=\"https:\/\/e-pomoc.pl\/wp-content\/uploads\/2024\/09\/zakwaterowanie.png\" data-object-fit=\"cover\" srcset=\"https:\/\/e-pomoc.pl\/wp-content\/uploads\/2024\/09\/zakwaterowanie.png 455w, https:\/\/e-pomoc.pl\/wp-content\/uploads\/2024\/09\/zakwaterowanie-300x300.png 300w, https:\/\/e-pomoc.pl\/wp-content\/uploads\/2024\/09\/zakwaterowanie-150x150.png 150w\" sizes=\"(max-width: 455px) 100vw, 455px\" \/><div class=\"wp-block-cover__inner-container is-layout-constrained wp-block-cover-is-layout-constrained\">\n<p class=\"has-text-align-center\" style=\"font-size:20px;font-style:normal;font-weight:900\"><a href=\"https:\/\/e-pomoc.pl\/?page_id=856\">ZAKWATEROWANIE<br>DLA POMOCNIK\u00d3W<\/a><\/p>\n<\/div><\/div>\n<\/div>\n\n\n\n<div class=\"wp-block-column is-layout-flow wp-block-column-is-layout-flow\">\n<div class=\"wp-block-cover is-light\" style=\"min-height:300px;aspect-ratio:unset;\"><span aria-hidden=\"true\" class=\"wp-block-cover__background has-background-dim\" style=\"background-color:#918d88\"><\/span><img loading=\"lazy\" decoding=\"async\" width=\"1000\" height=\"752\" class=\"wp-block-cover__image-background wp-image-704\" alt=\"\" src=\"https:\/\/e-pomoc.pl\/wp-content\/uploads\/2024\/09\/drogi.jpg\" data-object-fit=\"cover\" srcset=\"https:\/\/e-pomoc.pl\/wp-content\/uploads\/2024\/09\/drogi.jpg 1000w, https:\/\/e-pomoc.pl\/wp-content\/uploads\/2024\/09\/drogi-300x226.jpg 300w, https:\/\/e-pomoc.pl\/wp-content\/uploads\/2024\/09\/drogi-768x578.jpg 768w\" sizes=\"(max-width: 1000px) 100vw, 1000px\" \/><div class=\"wp-block-cover__inner-container is-layout-constrained wp-block-cover-is-layout-constrained\">\n<p class=\"has-text-align-center has-white-color has-text-color has-link-color wp-elements-11738714234fd40aee02c301af227258\" style=\"font-size:20px;font-style:normal;font-weight:900\"><a href=\"https:\/\/e-pomoc.pl\/?cat=39\">INFORMACJE DROGOWE<\/a><\/p>\n<\/div><\/div>\n<\/div>\n\n\n\n<div class=\"wp-block-column is-layout-flow wp-block-column-is-layout-flow\">\n<div class=\"wp-block-cover is-light\" style=\"min-height:300px;aspect-ratio:unset;\"><span aria-hidden=\"true\" class=\"wp-block-cover__background has-cyan-bluish-gray-background-color has-background-dim\"><\/span><img loading=\"lazy\" decoding=\"async\" width=\"725\" height=\"532\" class=\"wp-block-cover__image-background wp-image-800\" alt=\"\" src=\"https:\/\/e-pomoc.pl\/wp-content\/uploads\/2024\/09\/fundusze.jpg\" data-object-fit=\"cover\" srcset=\"https:\/\/e-pomoc.pl\/wp-content\/uploads\/2024\/09\/fundusze.jpg 725w, https:\/\/e-pomoc.pl\/wp-content\/uploads\/2024\/09\/fundusze-300x220.jpg 300w\" sizes=\"(max-width: 725px) 100vw, 725px\" \/><div class=\"wp-block-cover__inner-container is-layout-constrained wp-block-cover-is-layout-constrained\">\n<p class=\"has-text-align-center has-black-color has-text-color has-link-color wp-elements-68634cce00604b627aa36b2fef43a93b\" style=\"font-size:20px;font-style:normal;font-weight:900\"><a href=\"https:\/\/e-pomoc.pl\/?cat=38\">INFORMACJE DOTYCZ\u0104CE POMOCY FINANSOWEJ DLA POWODZIAN<\/a><\/p>\n<\/div><\/div>\n<\/div>\n<\/div>\n\n\n\n<h2 class=\"wp-block-heading\">Specjalne podzi\u0119kowania dla:<\/h2>\n\n\n\n<figure class=\"wp-block-gallery has-nested-images columns-default is-cropped wp-block-gallery-1 is-layout-flex wp-block-gallery-is-layout-flex\"><div class=\"wp-block-image\">\n<figure class=\"aligncenter size-large\"><a href=\"http:\/\/fc.pl\"><img loading=\"lazy\" decoding=\"async\" width=\"236\" height=\"82\" data-id=\"762\" src=\"https:\/\/e-pomoc.pl\/wp-content\/uploads\/2024\/09\/fc.png\" alt=\"\" class=\"wp-image-762\"\/><\/a><\/figure>\n<\/div><\/figure>\n\n\n\n<p><\/p>\n","protected":false},"excerpt":{"rendered":"<p>Specjalne podzi\u0119kowania dla:<\/p>\n","protected":false},"author":1,"featured_media":0,"parent":0,"menu_order":0,"comment_status":"open","ping_status":"open","template":"page-templates\/page-builder.php","meta":{"footnotes":""},"class_list":["post-645","page","type-page","status-publish","hentry"],"magazineBlocksPostFeaturedMedia":{"thumbnail":false,"medium":false,"medium_large":false,"large":false,"1536x1536":false,"2048x2048":false},"magazineBlocksPostAuthor":{"name":"jp","avatar":"https:\/\/secure.gravatar.com\/avatar\/f2bc789cc83acb0499e2e52093958ecc0b42ba40b718127cddf9dfa1dfd4902d?s=96&d=mm&r=g"},"magazineBlocksPostCommentsNumber":"0","magazineBlocksPostExcerpt":"Specjalne podzi\u0119kowania dla:","magazineBlocksPostCategories":[],"_links":{"self":[{"href":"https:\/\/e-pomoc.pl\/index.php?rest_route=\/wp\/v2\/pages\/645","targetHints":{"allow":["GET"]}}],"collection":[{"href":"https:\/\/e-pomoc.pl\/index.php?rest_route=\/wp\/v2\/pages"}],"about":[{"href":"https:\/\/e-pomoc.pl\/index.php?rest_route=\/wp\/v2\/types\/page"}],"author":[{"embeddable":true,"href":"https:\/\/e-pomoc.pl\/index.php?rest_route=\/wp\/v2\/users\/1"}],"replies":[{"embeddable":true,"href":"https:\/\/e-pomoc.pl\/index.php?rest_route=%2Fwp%2Fv2%2Fcomments&post=645"}],"version-history":[{"count":37,"href":"https:\/\/e-pomoc.pl\/index.php?rest_route=\/wp\/v2\/pages\/645\/revisions"}],"predecessor-version":[{"id":915,"href":"https:\/\/e-pomoc.pl\/index.php?rest_route=\/wp\/v2\/pages\/645\/revisions\/915"}],"wp:attachment":[{"href":"https:\/\/e-pomoc.pl\/index.php?rest_route=%2Fwp%2Fv2%2Fmedia&parent=645"}],"curies":[{"name":"wp","href":"https:\/\/api.w.org\/{rel}","templated":true}]}}