{"id":781,"date":"2024-09-22T15:54:19","date_gmt":"2024-09-22T13:54:19","guid":{"rendered":"https:\/\/e-pomoc.pl\/?page_id=781"},"modified":"2024-09-23T10:31:53","modified_gmt":"2024-09-23T08:31:53","slug":"ostrzezenia-przed-falszywymi-zbiorkami-itp","status":"publish","type":"page","link":"https:\/\/e-pomoc.pl\/?page_id=781","title":{"rendered":"Ostrze\u017cenia przed fa\u0142szywymi zbi\u00f3rkami itp."},"content":{"rendered":"\n<div style=\"height:10px\" aria-hidden=\"true\" class=\"wp-block-spacer\"><\/div>\n\n\n\n\n\n<h2 class=\"wp-block-heading\">Zbi\u00f3r informacji i link\u00f3w na temat bezpiecze\u0144stwa w sieci<\/h2>\n\n\n\n<p>B\u0119dziemy sukcesywnie dodawa\u0107 do poni\u017cszej listy warto\u015bciowe linki i informacje na temat bezpiecze\u0144stwa w cyfrowym \u015bwiecie.<\/p>\n\n\n\n<p>Mn\u00f3stwo cennych informacji jak si\u0119 zabezpieczy\u0107 przed oszustwami znajdziecie na stronie <a href=\"https:\/\/cert.pl\/\">https:\/\/cert.pl\/<\/a>, szczeg\u00f3lnie w dziale: <a href=\"https:\/\/cert.pl\/baza-wiedzy\/niebezpieczne-platnosci\/\">https:\/\/cert.pl\/baza-wiedzy\/niebezpieczne-platnosci\/<\/a>. Polecamy!<\/p>\n\n\n\n<h2 class=\"wp-block-heading\">Zg\u0142aszanie podejrzanych stron i wiadomo\u015bci SMS<\/h2>\n\n\n\n<figure class=\"wp-block-pullquote\" style=\"border-style:none;border-width:0px;border-radius:0px\"><blockquote><p><strong>Ka\u017cdy mo\u017ce zg\u0142osi\u0107 stron\u0119, kt\u00f3ra wy\u0142udza dane osobowe, dane uwierzytelniaj\u0105ce do kont bankowych lub serwis\u00f3w spo\u0142eczno\u015bciowych, za pomoc\u0105 formularza dost\u0119pnego na <a href=\"https:\/\/incydent.cert.pl\/phishing\">https:\/\/incydent.cert.pl\/phishing<\/a>.<br>W przypadku gdy \u017ar\u00f3d\u0142em podejrzanej strony jest wiadomo\u015b\u0107 SMS, zach\u0119camy do przes\u0142ania jej na numer <a href=\"sms:8080\">8080<\/a> wykorzystuj\u0105c funkcj\u0119 &#8222;przeka\u017c&#8221; albo &#8222;udost\u0119pnij&#8221; w swoim telefonie. Wys\u0142anie SMS-a jest bezp\u0142atne, koszt wysy\u0142ki w roamingu zgodny z cennikiem operatora. Podany numer s\u0142u\u017cy tylko do przyjmowania SMS-\u00f3w \u2013 numer do telefonicznego zg\u0142aszania incydent\u00f3w znajduje si\u0119 na na stronie<a href=\"https:\/\/cert.pl\/\"> https:\/\/cert.pl\/<\/a>.<\/strong><\/p><cite>\u0179R\u00d3D\u0141O: <a href=\"https:\/\/cert.pl\/\">https:\/\/cert.pl\/<\/a><\/cite><\/blockquote><\/figure>\n\n\n\n<p><\/p>\n","protected":false},"excerpt":{"rendered":"<p>Zbi\u00f3r informacji i link\u00f3w na temat bezpiecze\u0144stwa w sieci B\u0119dziemy sukcesywnie dodawa\u0107 do poni\u017cszej listy warto\u015bciowe linki i informacje na temat bezpiecze\u0144stwa w cyfrowym \u015bwiecie. Mn\u00f3stwo cennych informacji jak si\u0119 zabezpieczy\u0107 przed oszustwami znajdziecie na stronie https:\/\/cert.pl\/, szczeg\u00f3lnie w dziale: https:\/\/cert.pl\/baza-wiedzy\/niebezpieczne-platnosci\/. Polecamy! Zg\u0142aszanie podejrzanych stron i wiadomo\u015bci SMS Ka\u017cdy mo\u017ce zg\u0142osi\u0107 stron\u0119, kt\u00f3ra wy\u0142udza dane [&hellip;]<\/p>\n","protected":false},"author":1,"featured_media":0,"parent":0,"menu_order":0,"comment_status":"closed","ping_status":"closed","template":"","meta":{"footnotes":""},"class_list":["post-781","page","type-page","status-publish","hentry"],"magazineBlocksPostFeaturedMedia":{"thumbnail":false,"medium":false,"medium_large":false,"large":false,"1536x1536":false,"2048x2048":false},"magazineBlocksPostAuthor":{"name":"jp","avatar":"https:\/\/secure.gravatar.com\/avatar\/f2bc789cc83acb0499e2e52093958ecc0b42ba40b718127cddf9dfa1dfd4902d?s=96&d=mm&r=g"},"magazineBlocksPostCommentsNumber":false,"magazineBlocksPostExcerpt":"Zbi\u00f3r informacji i link\u00f3w na temat bezpiecze\u0144stwa w sieci B\u0119dziemy sukcesywnie dodawa\u0107 do poni\u017cszej listy warto\u015bciowe linki i informacje na temat bezpiecze\u0144stwa w cyfrowym \u015bwiecie. Mn\u00f3stwo cennych informacji jak si\u0119 zabezpieczy\u0107 przed oszustwami znajdziecie na stronie https:\/\/cert.pl\/, szczeg\u00f3lnie w dziale: https:\/\/cert.pl\/baza-wiedzy\/niebezpieczne-platnosci\/. Polecamy! Zg\u0142aszanie podejrzanych stron i wiadomo\u015bci SMS Ka\u017cdy mo\u017ce zg\u0142osi\u0107 stron\u0119, kt\u00f3ra wy\u0142udza dane [&hellip;]","magazineBlocksPostCategories":[],"_links":{"self":[{"href":"https:\/\/e-pomoc.pl\/index.php?rest_route=\/wp\/v2\/pages\/781","targetHints":{"allow":["GET"]}}],"collection":[{"href":"https:\/\/e-pomoc.pl\/index.php?rest_route=\/wp\/v2\/pages"}],"about":[{"href":"https:\/\/e-pomoc.pl\/index.php?rest_route=\/wp\/v2\/types\/page"}],"author":[{"embeddable":true,"href":"https:\/\/e-pomoc.pl\/index.php?rest_route=\/wp\/v2\/users\/1"}],"replies":[{"embeddable":true,"href":"https:\/\/e-pomoc.pl\/index.php?rest_route=%2Fwp%2Fv2%2Fcomments&post=781"}],"version-history":[{"count":15,"href":"https:\/\/e-pomoc.pl\/index.php?rest_route=\/wp\/v2\/pages\/781\/revisions"}],"predecessor-version":[{"id":830,"href":"https:\/\/e-pomoc.pl\/index.php?rest_route=\/wp\/v2\/pages\/781\/revisions\/830"}],"wp:attachment":[{"href":"https:\/\/e-pomoc.pl\/index.php?rest_route=%2Fwp%2Fv2%2Fmedia&parent=781"}],"curies":[{"name":"wp","href":"https:\/\/api.w.org\/{rel}","templated":true}]}}