{"id":813,"date":"2024-09-22T23:01:15","date_gmt":"2024-09-22T21:01:15","guid":{"rendered":"https:\/\/e-pomoc.pl\/?page_id=813"},"modified":"2024-10-02T00:57:45","modified_gmt":"2024-10-01T22:57:45","slug":"chce-pomoc","status":"publish","type":"page","link":"https:\/\/e-pomoc.pl\/?page_id=813","title":{"rendered":"Chc\u0119 pom\u00f3c"},"content":{"rendered":"\n<div style=\"height:10px\" aria-hidden=\"true\" class=\"wp-block-spacer\"><\/div>\n\n\n\n<p class=\"has-medium-font-size\"><strong>Zapraszamy osoby chc\u0105ce pom\u00f3c w usuwaniu skutk\u00f3w powodzi do zg\u0142aszania si\u0119 do organizacji, kt\u00f3re dzia\u0142aj\u0105 na rzecz powodzian, lub bezpo\u015brednio do sztab\u00f3w zarz\u0105dzania kryzysowego. Linki znajdziecie poni\u017cej:<\/strong><\/p>\n\n\n\n<p><strong>Gmina L\u0105dek-Zdr\u00f3j<\/strong> &#8211; formularz zg\u0142oszenia: <a href=\"https:\/\/docs.google.com\/forms\/d\/e\/1FAIpQLSe-7q-LP2BvQROotj7DF5cxGBrM5Z1ICKlr_ULKK6zStH97uw\/viewform\">https:\/\/docs.google.com\/forms\/d\/e\/1FAIpQLSe-7q-LP2BvQROotj7DF5cxGBrM5Z1ICKlr_ULKK6zStH97uw\/viewform<\/a><\/p>\n\n\n\n<p><strong>Stowarzyszenie Tratwa<\/strong> &#8211; wolontariat w hali w Czasoprzestrzeni we Wroc\u0142awiu lub wyjazdy do L\u0105dka Zdr\u00f3j i Stronia \u015al\u0105skiego. Formularz zg\u0142oszenia: <a href=\"https:\/\/forms.gle\/ZZaQdBZNeUTe5mgL7\" data-type=\"link\" data-id=\"https:\/\/forms.gle\/ZZaQdBZNeUTe5mgL7\">https:\/\/forms.gle\/ZZaQdBZNeUTe5mgL7<\/a><\/p>\n\n\n\n<p>Zg\u0142asza\u0107 si\u0119 mo\u017cna r\u00f3wnie\u017c przez nasz formularz poni\u017cej &#8211; zg\u0142oszenia przeka\u017cemy do <strong>Gminy Stronie \u015al\u0105skie<\/strong>. Wype\u0142nienie poni\u017cszego formularza, pomo\u017ce nam usprawni\u0107 organizacj\u0119 Waszego pobytu i skierowa\u0107 Was w odpowiednie miejsce.<\/p>\n\n\n\n<div style=\"height:10px\" aria-hidden=\"true\" class=\"wp-block-spacer\"><\/div>\n\n\n\n<div class=\"wp-block-columns is-layout-flex wp-container-core-columns-is-layout-9d6595d7 wp-block-columns-is-layout-flex\">\n<div class=\"wp-block-column is-layout-flow wp-block-column-is-layout-flow\" style=\"flex-basis:50%\">\n<div class=\"wpcf7 no-js\" id=\"wpcf7-f812-o1\" lang=\"pl-PL\" dir=\"ltr\">\n<div class=\"screen-reader-response\"><p role=\"status\" aria-live=\"polite\" aria-atomic=\"true\"><\/p> <ul><\/ul><\/div>\n<form action=\"\/index.php?rest_route=%2Fwp%2Fv2%2Fpages%2F813#wpcf7-f812-o1\" method=\"post\" class=\"wpcf7-form init\" aria-label=\"Formularz kontaktowy\" novalidate=\"novalidate\" data-status=\"init\">\n<div style=\"display: none;\">\n<input type=\"hidden\" name=\"_wpcf7\" value=\"812\" \/>\n<input type=\"hidden\" name=\"_wpcf7_version\" value=\"5.9.8\" \/>\n<input type=\"hidden\" name=\"_wpcf7_locale\" value=\"pl_PL\" \/>\n<input type=\"hidden\" name=\"_wpcf7_unit_tag\" value=\"wpcf7-f812-o1\" \/>\n<input type=\"hidden\" name=\"_wpcf7_container_post\" value=\"0\" \/>\n<input type=\"hidden\" name=\"_wpcf7_posted_data_hash\" value=\"\" \/>\n<\/div>\n<p><label> Ilo\u015b\u0107 os\u00f3b<br \/>\n<span class=\"wpcf7-form-control-wrap\" data-name=\"number-people\"><input class=\"wpcf7-form-control wpcf7-number wpcf7-validates-as-required wpcf7-validates-as-number\" min=\"1\" aria-required=\"true\" aria-invalid=\"false\" value=\"1\" type=\"number\" name=\"number-people\" \/><\/span> <\/label>\n<\/p>\n<p><label> Twoje imi\u0119 i nazwisko \/ Nazwa organizacji<br \/>\n<span class=\"wpcf7-form-control-wrap\" data-name=\"your-name\"><input size=\"40\" maxlength=\"400\" class=\"wpcf7-form-control wpcf7-text wpcf7-validates-as-required\" autocomplete=\"name\" aria-required=\"true\" aria-invalid=\"false\" value=\"\" type=\"text\" name=\"your-name\" \/><\/span> <\/label>\n<\/p>\n<p><label> Tw\u00f3j adres e-mail<br \/>\n<span class=\"wpcf7-form-control-wrap\" data-name=\"your-email\"><input size=\"40\" maxlength=\"400\" class=\"wpcf7-form-control wpcf7-email wpcf7-validates-as-required wpcf7-text wpcf7-validates-as-email\" autocomplete=\"email\" aria-required=\"true\" aria-invalid=\"false\" value=\"\" type=\"email\" name=\"your-email\" \/><\/span> <\/label>\n<\/p>\n<p><label> Nr. telefonu<br \/>\n<span class=\"wpcf7-form-control-wrap\" data-name=\"tel-no\"><input size=\"40\" maxlength=\"400\" class=\"wpcf7-form-control wpcf7-tel wpcf7-validates-as-required wpcf7-text wpcf7-validates-as-tel\" aria-required=\"true\" aria-invalid=\"false\" value=\"\" type=\"tel\" name=\"tel-no\" \/><\/span> <\/label>\n<\/p>\n<p><label> Oferowana pomoc<br \/>\n<span class=\"wpcf7-form-control-wrap\" data-name=\"your-helpoffer\"><textarea cols=\"40\" rows=\"10\" maxlength=\"2000\" class=\"wpcf7-form-control wpcf7-textarea wpcf7-validates-as-required\" aria-required=\"true\" aria-invalid=\"false\" name=\"your-helpoffer\"><\/textarea><\/span> <\/label>\n<\/p>\n<p>Kiedy dysponujesz\/dysponujecie czasem? Mo\u017cesz poda\u0107 kilka przedzia\u0142\u00f3w czasowych<br \/>\nPrzedzia\u0142 1: od <span class=\"wpcf7-form-control-wrap\" data-name=\"date-from1\"><input class=\"wpcf7-form-control wpcf7-date wpcf7-validates-as-required wpcf7-validates-as-date\" aria-required=\"true\" aria-invalid=\"false\" value=\"\" type=\"date\" name=\"date-from1\" \/><\/span> do <span class=\"wpcf7-form-control-wrap\" data-name=\"date-to1\"><input class=\"wpcf7-form-control wpcf7-date wpcf7-validates-as-required wpcf7-validates-as-date\" aria-required=\"true\" aria-invalid=\"false\" value=\"\" type=\"date\" name=\"date-to1\" \/><\/span><br \/>\nPrzedzia\u0142 2: od <span class=\"wpcf7-form-control-wrap\" data-name=\"date-from2\"><input class=\"wpcf7-form-control wpcf7-date wpcf7-validates-as-date\" aria-invalid=\"false\" value=\"\" type=\"date\" name=\"date-from2\" \/><\/span> do <span class=\"wpcf7-form-control-wrap\" data-name=\"date-to2\"><input class=\"wpcf7-form-control wpcf7-date wpcf7-validates-as-date\" aria-invalid=\"false\" value=\"\" type=\"date\" name=\"date-to2\" \/><\/span><br \/>\nPrzedzia\u0142 3: od <span class=\"wpcf7-form-control-wrap\" data-name=\"date-from3\"><input class=\"wpcf7-form-control wpcf7-date wpcf7-validates-as-date\" aria-invalid=\"false\" value=\"\" type=\"date\" name=\"date-from3\" \/><\/span> do <span class=\"wpcf7-form-control-wrap\" data-name=\"date-to3\"><input class=\"wpcf7-form-control wpcf7-date wpcf7-validates-as-date\" aria-invalid=\"false\" value=\"\" type=\"date\" name=\"date-to3\" \/><\/span>\n<\/p>\n<p>Czy b\u0119dziesz\/b\u0119dziecie mie\u0107 zakwaterowanie?<br \/>\n<span class=\"wpcf7-form-control-wrap\" data-name=\"radio-bed\"><span class=\"wpcf7-form-control wpcf7-radio\"><span class=\"wpcf7-list-item first\"><input type=\"radio\" name=\"radio-bed\" value=\"Nie\" checked=\"checked\" \/><span class=\"wpcf7-list-item-label\">Nie<\/span><\/span><span class=\"wpcf7-list-item last\"><input type=\"radio\" name=\"radio-bed\" value=\"Tak\" \/><span class=\"wpcf7-list-item-label\">Tak<\/span><\/span><\/span><\/span>\n<\/p>\n<p><input class=\"wpcf7-form-control wpcf7-submit has-spinner\" type=\"submit\" value=\"Wy\u015blij\" \/>\n<\/p><div class=\"wpcf7-response-output\" aria-hidden=\"true\"><\/div>\n<\/form>\n<\/div>\n\n<\/div>\n\n\n\n<div class=\"wp-block-column is-layout-flow wp-block-column-is-layout-flow\" style=\"flex-basis:50%\"><\/div>\n<\/div>\n\n\n\n<p><\/p>\n","protected":false},"excerpt":{"rendered":"<p>Zapraszamy osoby chc\u0105ce pom\u00f3c w usuwaniu skutk\u00f3w powodzi do zg\u0142aszania si\u0119 do organizacji, kt\u00f3re dzia\u0142aj\u0105 na rzecz powodzian, lub bezpo\u015brednio do sztab\u00f3w zarz\u0105dzania kryzysowego. Linki znajdziecie poni\u017cej: Gmina L\u0105dek-Zdr\u00f3j &#8211; formularz zg\u0142oszenia: https:\/\/docs.google.com\/forms\/d\/e\/1FAIpQLSe-7q-LP2BvQROotj7DF5cxGBrM5Z1ICKlr_ULKK6zStH97uw\/viewform Stowarzyszenie Tratwa &#8211; wolontariat w hali w Czasoprzestrzeni we Wroc\u0142awiu lub wyjazdy do L\u0105dka Zdr\u00f3j i Stronia \u015al\u0105skiego. Formularz zg\u0142oszenia: https:\/\/forms.gle\/ZZaQdBZNeUTe5mgL7 Zg\u0142asza\u0107 [&hellip;]<\/p>\n","protected":false},"author":1,"featured_media":659,"parent":0,"menu_order":0,"comment_status":"closed","ping_status":"closed","template":"","meta":{"footnotes":""},"class_list":["post-813","page","type-page","status-publish","has-post-thumbnail","hentry"],"magazineBlocksPostFeaturedMedia":{"thumbnail":"https:\/\/e-pomoc.pl\/wp-content\/uploads\/2024\/09\/pomoc-150x150.jpg","medium":"https:\/\/e-pomoc.pl\/wp-content\/uploads\/2024\/09\/pomoc-300x201.jpg","medium_large":"https:\/\/e-pomoc.pl\/wp-content\/uploads\/2024\/09\/pomoc-768x515.jpg","large":"https:\/\/e-pomoc.pl\/wp-content\/uploads\/2024\/09\/pomoc.jpg","1536x1536":"https:\/\/e-pomoc.pl\/wp-content\/uploads\/2024\/09\/pomoc.jpg","2048x2048":"https:\/\/e-pomoc.pl\/wp-content\/uploads\/2024\/09\/pomoc.jpg"},"magazineBlocksPostAuthor":{"name":"jp","avatar":"https:\/\/secure.gravatar.com\/avatar\/f2bc789cc83acb0499e2e52093958ecc0b42ba40b718127cddf9dfa1dfd4902d?s=96&d=mm&r=g"},"magazineBlocksPostCommentsNumber":false,"magazineBlocksPostExcerpt":"Zapraszamy osoby chc\u0105ce pom\u00f3c w usuwaniu skutk\u00f3w powodzi do zg\u0142aszania si\u0119 do organizacji, kt\u00f3re dzia\u0142aj\u0105 na rzecz powodzian, lub bezpo\u015brednio do sztab\u00f3w zarz\u0105dzania kryzysowego. Linki znajdziecie poni\u017cej: Gmina L\u0105dek-Zdr\u00f3j &#8211; formularz zg\u0142oszenia: https:\/\/docs.google.com\/forms\/d\/e\/1FAIpQLSe-7q-LP2BvQROotj7DF5cxGBrM5Z1ICKlr_ULKK6zStH97uw\/viewform Stowarzyszenie Tratwa &#8211; wolontariat w hali w Czasoprzestrzeni we Wroc\u0142awiu lub wyjazdy do L\u0105dka Zdr\u00f3j i Stronia \u015al\u0105skiego. Formularz zg\u0142oszenia: https:\/\/forms.gle\/ZZaQdBZNeUTe5mgL7 Zg\u0142asza\u0107 [&hellip;]","magazineBlocksPostCategories":[],"_links":{"self":[{"href":"https:\/\/e-pomoc.pl\/index.php?rest_route=\/wp\/v2\/pages\/813","targetHints":{"allow":["GET"]}}],"collection":[{"href":"https:\/\/e-pomoc.pl\/index.php?rest_route=\/wp\/v2\/pages"}],"about":[{"href":"https:\/\/e-pomoc.pl\/index.php?rest_route=\/wp\/v2\/types\/page"}],"author":[{"embeddable":true,"href":"https:\/\/e-pomoc.pl\/index.php?rest_route=\/wp\/v2\/users\/1"}],"replies":[{"embeddable":true,"href":"https:\/\/e-pomoc.pl\/index.php?rest_route=%2Fwp%2Fv2%2Fcomments&post=813"}],"version-history":[{"count":6,"href":"https:\/\/e-pomoc.pl\/index.php?rest_route=\/wp\/v2\/pages\/813\/revisions"}],"predecessor-version":[{"id":968,"href":"https:\/\/e-pomoc.pl\/index.php?rest_route=\/wp\/v2\/pages\/813\/revisions\/968"}],"wp:featuredmedia":[{"embeddable":true,"href":"https:\/\/e-pomoc.pl\/index.php?rest_route=\/wp\/v2\/media\/659"}],"wp:attachment":[{"href":"https:\/\/e-pomoc.pl\/index.php?rest_route=%2Fwp%2Fv2%2Fmedia&parent=813"}],"curies":[{"name":"wp","href":"https:\/\/api.w.org\/{rel}","templated":true}]}}